{"id":3762,"date":"2026-02-24T03:13:15","date_gmt":"2026-02-24T03:13:15","guid":{"rendered":"https:\/\/alltrybe.com\/?page_id=3762"},"modified":"2026-02-24T03:36:00","modified_gmt":"2026-02-24T03:36:00","slug":"politica-de-privacidad","status":"publish","type":"page","link":"https:\/\/alltrybe.com\/es\/politica-de-privacidad\/","title":{"rendered":"Pol\u00edtica de privacidad"},"content":{"rendered":"<div class=\"fusion-fullwidth fullwidth-box fusion-builder-row-1 fusion-flex-container nonhundred-percent-fullwidth non-hundred-percent-height-scrolling\" style=\"--awb-border-radius-top-left:0px;--awb-border-radius-top-right:0px;--awb-border-radius-bottom-right:0px;--awb-border-radius-bottom-left:0px;--awb-flex-wrap:wrap;\" ><div class=\"fusion-builder-row fusion-row fusion-flex-align-items-flex-start fusion-flex-content-wrap\" style=\"max-width:1352px;margin-left: calc(-4% \/ 2 );margin-right: calc(-4% \/ 2 );\"><div class=\"fusion-layout-column fusion_builder_column fusion-builder-column-0 fusion_builder_column_1_1 1_1 fusion-flex-column\" style=\"--awb-bg-size:cover;--awb-width-large:100%;--awb-margin-top-large:0px;--awb-spacing-right-large:1.92%;--awb-margin-bottom-large:0px;--awb-spacing-left-large:1.92%;--awb-width-medium:100%;--awb-spacing-right-medium:1.92%;--awb-spacing-left-medium:1.92%;--awb-width-small:100%;--awb-spacing-right-small:1.92%;--awb-spacing-left-small:1.92%;\"><div class=\"fusion-column-wrapper fusion-flex-justify-content-flex-start fusion-content-layout-column\"><div class=\"fusion-text fusion-text-1\"><p><strong>POL\u00cdTICA DE PRIVACIDAD<\/strong><\/p>\n<p>\u00daltima actualizaci\u00f3n: 20 de junio de 2025<\/p>\n<p>Este Aviso de Privacidad de Trybe Health (\u201cnosotros\u201d, \u201cnos\u201d o \u201cnuestro\u201d) describe c\u00f3mo y por qu\u00e9 podemos <strong>acceder, recopilar, almacenar, usar y\/o compartir<\/strong> (\u201ctratar\u201d) tu informaci\u00f3n personal cuando utilizas nuestros servicios (\u201cServicios\u201d), incluyendo cuando:<\/p>\n<ul>\n<li>Visitas nuestro sitio web en <span style=\"color: #00363c;\"><a style=\"color: #00363c;\" href=\"https:\/\/alltrybe.com\/\">https:\/\/alltrybe.com<\/a> <\/span>o cualquier otro sitio web nuestro que enlace a este Aviso de Privacidad<\/li>\n<li>Interact\u00faas con nosotros de otras formas relacionadas, incluyendo ventas, marketing o eventos<\/li>\n<\/ul>\n<p>\u00bfPreguntas o inquietudes? Leer este Aviso de Privacidad te ayudar\u00e1 a comprender tus derechos y opciones en materia de privacidad. Somos responsables de decidir c\u00f3mo se procesa tu informaci\u00f3n personal. Si no est\u00e1s de acuerdo con nuestras pol\u00edticas y pr\u00e1cticas, por favor no utilices nuestros Servicios. Si aun as\u00ed tienes preguntas o inquietudes, puedes contactarnos en <span style=\"color: #00363c;\"><strong><a style=\"color: #00363c;\" href=\"mailto:info@alltrybe.com\">info@alltrybe.com<\/a><\/strong>.<\/span><\/p>\n<h4>RESUMEN DE LOS PUNTOS CLAVE<\/h4>\n<p>Este resumen proporciona los aspectos m\u00e1s importantes de nuestro Aviso de Privacidad. Puedes encontrar m\u00e1s detalles sobre cualquiera de estos temas haciendo clic en el enlace correspondiente o utilizando la <strong>tabla de contenidos<\/strong> a continuaci\u00f3n.<\/p>\n<p><strong>\u00bfQu\u00e9 informaci\u00f3n personal procesamos?<\/strong><br \/>Cuando visitas, utilizas o navegas por nuestros Servicios, podemos procesar informaci\u00f3n personal seg\u00fan c\u00f3mo interact\u00faes con nosotros, las decisiones que tomes y los productos o funciones que utilices. M\u00e1s informaci\u00f3n sobre la <strong>informaci\u00f3n personal que nos proporcionas<\/strong>.<\/p>\n<p><strong>\u00bfProcesamos informaci\u00f3n personal sensible?<\/strong><br \/>Parte de la informaci\u00f3n puede considerarse \u201cespecial\u201d o \u201csensible\u201d en ciertas jurisdicciones, como el origen racial o \u00e9tnico, la orientaci\u00f3n sexual o las creencias religiosas. Podemos procesar informaci\u00f3n personal sensible cuando sea necesario, con tu consentimiento o seg\u00fan lo permita la ley aplicable. M\u00e1s informaci\u00f3n sobre la <strong>informaci\u00f3n sensible que procesamos<\/strong>.<\/p>\n<p><strong>\u00bfRecopilamos informaci\u00f3n de terceros?<\/strong><br \/>No recopilamos informaci\u00f3n de terceros.<\/p>\n<p><strong>\u00bfC\u00f3mo procesamos tu informaci\u00f3n?<\/strong><br \/>Procesamos tu informaci\u00f3n para proporcionar, mejorar y administrar nuestros Servicios, comunicarnos contigo, garantizar la seguridad y prevenir fraudes, y cumplir con la ley. Tambi\u00e9n podemos procesar tu informaci\u00f3n para otros fines con tu consentimiento. Solo procesamos tu informaci\u00f3n cuando existe una base legal v\u00e1lida. M\u00e1s informaci\u00f3n sobre <strong>c\u00f3mo procesamos tu informaci\u00f3n<\/strong>.<\/p>\n<p><strong>\u00bfEn qu\u00e9 situaciones y con qu\u00e9 tipos de terceros compartimos informaci\u00f3n personal?<\/strong><br \/>Podemos compartir informaci\u00f3n en situaciones espec\u00edficas y con categor\u00edas concretas de terceros. M\u00e1s informaci\u00f3n sobre <strong>cu\u00e1ndo y con qui\u00e9n compartimos tu informaci\u00f3n personal<\/strong>.<\/p>\n<p><strong>\u00bfC\u00f3mo protegemos tu informaci\u00f3n?<\/strong><br \/>Contamos con medidas t\u00e9cnicas y organizativas adecuadas para proteger tu informaci\u00f3n personal. Sin embargo, ning\u00fan sistema es 100 % seguro. M\u00e1s informaci\u00f3n sobre <strong>c\u00f3mo protegemos tu informaci\u00f3n<\/strong>.<\/p>\n<p><strong>\u00bfCu\u00e1les son tus derechos?<\/strong><br \/>Dependiendo de tu ubicaci\u00f3n, la ley de privacidad aplicable puede otorgarte ciertos derechos sobre tu informaci\u00f3n personal. M\u00e1s informaci\u00f3n sobre <strong>tus derechos de privacidad<\/strong>.<\/p>\n<p><strong>\u00bfC\u00f3mo puedes ejercer tus derechos?<\/strong><br \/>La forma m\u00e1s sencilla es enviando una solicitud de acceso a datos o contact\u00e1ndonos directamente. Atenderemos cualquier solicitud conforme a la legislaci\u00f3n vigente.<\/p>\n<p>\u00bfQuieres saber m\u00e1s sobre c\u00f3mo utilizamos la informaci\u00f3n que recopilamos? Revisa el <strong>Aviso de Privacidad completo<\/strong>.<\/p>\n<h4>TABLA DE CONTENIDOS<\/h4>\n<ol>\n<li>\u00bfQU\u00c9 INFORMACI\u00d3N RECOPILAMOS?<\/li>\n<li>\u00bfC\u00d3MO PROCESAMOS TU INFORMACI\u00d3N?<\/li>\n<li>\u00bfQU\u00c9 BASES LEGALES UTILIZAMOS PARA PROCESAR TU INFORMACI\u00d3N PERSONAL?<\/li>\n<li>\u00bfCU\u00c1NDO Y CON QUI\u00c9N COMPARTIMOS TU INFORMACI\u00d3N PERSONAL?<\/li>\n<li>\u00bfUTILIZAMOS COOKIES Y OTRAS TECNOLOG\u00cdAS DE SEGUIMIENTO?<\/li>\n<li>\u00bfCU\u00c1NTO TIEMPO CONSERVAMOS TU INFORMACI\u00d3N?<\/li>\n<li>\u00bfC\u00d3MO PROTEGEMOS TU INFORMACI\u00d3N?<\/li>\n<li>\u00bfRECOPILAMOS INFORMACI\u00d3N DE MENORES?<\/li>\n<li>\u00bfCU\u00c1LES SON TUS DERECHOS DE PRIVACIDAD?<\/li>\n<li>CONTROLES DE \u201cNO RASTREAR\u201d<\/li>\n<li>\u00bfLOS RESIDENTES DE ESTADOS UNIDOS TIENEN DERECHOS DE PRIVACIDAD ESPEC\u00cdFICOS?<\/li>\n<li>\u00bfACTUALIZAMOS ESTE AVISO?<\/li>\n<li>\u00bfC\u00d3MO PUEDES CONTACTARNOS SOBRE ESTE AVISO?<\/li>\n<li>\u00bfC\u00d3MO PUEDES REVISAR, ACTUALIZAR O ELIMINAR TUS DATOS?<\/li>\n<\/ol>\n<h5>1. \u00bfQU\u00c9 INFORMACI\u00d3N RECOPILAMOS?<\/h5>\n<h5>Informaci\u00f3n personal que nos proporcionas<\/h5>\n<p><strong>En resumen:<\/strong> recopilamos la informaci\u00f3n personal que nos proporcionas voluntariamente.<\/p>\n<p>Recopilamos informaci\u00f3n personal que nos brindas cuando manifiestas inter\u00e9s en obtener informaci\u00f3n sobre nosotros o nuestros Servicios, cuando participas en actividades dentro de los Servicios o cuando te comunicas con nosotros.<\/p>\n<p>La informaci\u00f3n personal puede incluir:<\/p>\n<ul>\n<li>Nombres<\/li>\n<li>N\u00fameros de tel\u00e9fono<\/li>\n<li>Direcciones de correo electr\u00f3nico<\/li>\n<\/ul>\n<h5>Informaci\u00f3n sensible<\/h5>\n<p>Cuando sea necesario, con tu consentimiento o seg\u00fan lo permita la ley, podemos procesar:<\/p>\n<ul>\n<li>Datos de salud<\/li>\n<li>Datos biom\u00e9tricos<\/li>\n<\/ul>\n<p>Toda la informaci\u00f3n que nos proporciones debe ser veraz, completa y exacta, y debes notificarnos cualquier cambio.<\/p>\n<h5>Informaci\u00f3n recopilada autom\u00e1ticamente<\/h5>\n<p><strong>En resumen:<\/strong> cierta informaci\u00f3n, como la direcci\u00f3n IP y caracter\u00edsticas del dispositivo o navegador, se recopila autom\u00e1ticamente.<\/p>\n<p>Esta informaci\u00f3n puede incluir: direcci\u00f3n IP, sistema operativo, idioma, ubicaci\u00f3n, uso del sitio, datos t\u00e9cnicos, cookies y tecnolog\u00edas similares. Para m\u00e1s informaci\u00f3n, consulta nuestro <strong>Aviso de Cookies<\/strong>: <span style=\"color: #00363c;\"><a style=\"color: #00363c;\" href=\"http:\/\/www.alltrybe.com\/cookies\">http:\/\/www.alltrybe.com\/cookies<\/a>.<\/span><\/p>\n<p>Incluye:<\/p>\n<ul>\n<li>Datos de registro y uso<\/li>\n<li>Datos del dispositivo<\/li>\n<li>Datos de ubicaci\u00f3n<\/li>\n<\/ul>\n<p>No compartimos la informaci\u00f3n de consentimiento de campa\u00f1as SMS con terceros ajenos a la prestaci\u00f3n de dichos servicios.<\/p>\n<h5>2. \u00bfC\u00d3MO PROCESAMOS TU INFORMACI\u00d3N?<\/h5>\n<p>Procesamos tu informaci\u00f3n para:<\/p>\n<ul>\n<li>Proporcionar y facilitar nuestros Servicios<\/li>\n<li>Enviar informaci\u00f3n administrativa<\/li>\n<li>Permitir comunicaciones entre usuarios<\/li>\n<li>Evaluar la efectividad de campa\u00f1as de marketing<\/li>\n<li>Proteger intereses vitales<\/li>\n<\/ul>\n<h5>3. \u00bfQU\u00c9 BASES LEGALES UTILIZAMOS?<\/h5>\n<p>Procesamos tu informaci\u00f3n solo cuando existe una base legal v\u00e1lida, como tu consentimiento, la ejecuci\u00f3n de un contrato, intereses leg\u00edtimos, obligaciones legales o intereses vitales.<\/p>\n<p><em>(Se aplican disposiciones espec\u00edficas para la UE, Reino Unido, Canad\u00e1 y otras jurisdicciones, conforme a la ley aplicable).<\/em><\/p>\n<h5>4. \u00bfCU\u00c1NDO Y CON QUI\u00c9N COMPARTIMOS TU INFORMACI\u00d3N?<\/h5>\n<p>Podemos compartir informaci\u00f3n con proveedores de servicios como:<\/p>\n<ul>\n<li>Plataformas de IA<\/li>\n<li>Redes publicitarias<\/li>\n<li>Servicios de an\u00e1lisis de datos<\/li>\n<li>Proveedores de almacenamiento<\/li>\n<li>Procesadores de pagos<\/li>\n<li>Herramientas de marketing y redes sociales<\/li>\n<\/ul>\n<p>Tambi\u00e9n en caso de fusiones, ventas o transferencias comerciales.<\/p>\n<h5>5. \u00bfUTILIZAMOS COOKIES?<\/h5>\n<p>S\u00ed. Utilizamos cookies y tecnolog\u00edas similares para an\u00e1lisis, seguridad y publicidad. M\u00e1s detalles en nuestro <strong>Aviso de Cookies<\/strong>.<\/p>\n<h5>6. \u00bfCU\u00c1NTO TIEMPO CONSERVAMOS TU INFORMACI\u00d3N?<\/h5>\n<p>Conservamos tu informaci\u00f3n solo el tiempo necesario para cumplir los fines descritos o seg\u00fan lo exija la ley. Luego se elimina o anonimiza de forma segura.<\/p>\n<h5>7. \u00bfC\u00d3MO PROTEGEMOS TU INFORMACI\u00d3N?<\/h5>\n<p>Implementamos medidas de seguridad t\u00e9cnicas y organizativas razonables. Sin embargo, ning\u00fan sistema es completamente seguro.<\/p>\n<h5>8. \u00bfRECOPILAMOS INFORMACI\u00d3N DE MENORES?<\/h5>\n<p>No recopilamos conscientemente informaci\u00f3n de menores de 18 a\u00f1os.<\/p>\n<h5>9. \u00bfCU\u00c1LES SON TUS DERECHOS DE PRIVACIDAD?<\/h5>\n<p>Dependiendo de tu pa\u00eds o estado, puedes tener derechos como:<\/p>\n<ul>\n<li>Acceder, corregir o eliminar tus datos<\/li>\n<li>Limitar u oponerte al tratamiento<\/li>\n<li>Retirar tu consentimiento<\/li>\n<li>Solicitar portabilidad de datos<\/li>\n<\/ul>\n<h5>10. CONTROLES DE \u201cNO RASTREAR\u201d<\/h5>\n<p>Actualmente no respondemos a se\u00f1ales de \u201cDo Not Track\u201d.<\/p>\n<h5>11. DERECHOS DE RESIDENTES DE EE. UU.<\/h5>\n<p>Los residentes de ciertos estados pueden tener derechos adicionales sobre su informaci\u00f3n personal.<\/p>\n<h5>12. \u00bfACTUALIZAMOS ESTE AVISO?<\/h5>\n<p>S\u00ed. Podemos actualizar este aviso para cumplir con cambios legales.<\/p>\n<h5>13. \u00bfC\u00d3MO PUEDES CONTACTARNOS?<\/h5>\n<p><strong>Trybe Health<\/strong><br \/>Av. 1, San Jos\u00e9, Escaz\u00fa<br \/>Escaz\u00fa, San Jos\u00e9 10201<br \/>Costa Rica<\/p>\n<h5>14. \u00bfC\u00d3MO PUEDES REVISAR, ACTUALIZAR O ELIMINAR TUS DATOS?<\/h5>\n<p>Puedes solicitar acceso, correcci\u00f3n o eliminaci\u00f3n de tus datos enviando una <strong>solicitud de acceso a datos<\/strong> conforme a la ley aplicable.<\/p>\n<p>Si quieres, en el siguiente mensaje puedo:<\/p>\n<ul>\n<li>Adaptarla a <strong>espa\u00f1ol legal costarricense<\/strong><\/li>\n<li>Ajustarla para <strong>uso web (copy limpio y escaneable)<\/strong><\/li>\n<li>Revisarla por <strong>coherencia legal y vac\u00edos comunes<\/strong> antes de publicarla<\/li>\n<\/ul>\n<\/div><\/div><\/div><\/div><\/div>\n","protected":false},"excerpt":{"rendered":"","protected":false},"author":1,"featured_media":0,"parent":0,"menu_order":0,"comment_status":"closed","ping_status":"closed","template":"100-width.php","meta":{"footnotes":""},"class_list":["post-3762","page","type-page","status-publish","hentry"],"yoast_head":"<!-- This site is optimized with the Yoast SEO plugin v27.4 - https:\/\/yoast.com\/product\/yoast-seo-wordpress\/ -->\n<title>Pol\u00edtica de privacidad - TRYBE<\/title>\n<meta name=\"robots\" content=\"index, follow, max-snippet:-1, max-image-preview:large, max-video-preview:-1\" \/>\n<link rel=\"canonical\" href=\"https:\/\/alltrybe.com\/es\/politica-de-privacidad\/\" \/>\n<meta property=\"og:locale\" content=\"es_ES\" \/>\n<meta property=\"og:type\" content=\"article\" \/>\n<meta property=\"og:title\" content=\"Pol\u00edtica de privacidad - TRYBE\" \/>\n<meta property=\"og:url\" content=\"https:\/\/alltrybe.com\/es\/politica-de-privacidad\/\" \/>\n<meta property=\"og:site_name\" content=\"TRYBE\" \/>\n<meta property=\"article:modified_time\" content=\"2026-02-24T03:36:00+00:00\" \/>\n<meta name=\"twitter:card\" content=\"summary_large_image\" \/>\n<meta name=\"twitter:label1\" content=\"Tiempo de lectura\" \/>\n\t<meta name=\"twitter:data1\" content=\"26 minutos\" \/>\n<script type=\"application\/ld+json\" class=\"yoast-schema-graph\">{\"@context\":\"https:\\\/\\\/schema.org\",\"@graph\":[{\"@type\":\"WebPage\",\"@id\":\"https:\\\/\\\/alltrybe.com\\\/es\\\/politica-de-privacidad\\\/\",\"url\":\"https:\\\/\\\/alltrybe.com\\\/es\\\/politica-de-privacidad\\\/\",\"name\":\"Pol\u00edtica de privacidad - TRYBE\",\"isPartOf\":{\"@id\":\"https:\\\/\\\/alltrybe.com\\\/es\\\/#website\"},\"datePublished\":\"2026-02-24T03:13:15+00:00\",\"dateModified\":\"2026-02-24T03:36:00+00:00\",\"breadcrumb\":{\"@id\":\"https:\\\/\\\/alltrybe.com\\\/es\\\/politica-de-privacidad\\\/#breadcrumb\"},\"inLanguage\":\"es\",\"potentialAction\":[{\"@type\":\"ReadAction\",\"target\":[\"https:\\\/\\\/alltrybe.com\\\/es\\\/politica-de-privacidad\\\/\"]}]},{\"@type\":\"BreadcrumbList\",\"@id\":\"https:\\\/\\\/alltrybe.com\\\/es\\\/politica-de-privacidad\\\/#breadcrumb\",\"itemListElement\":[{\"@type\":\"ListItem\",\"position\":1,\"name\":\"Home\",\"item\":\"https:\\\/\\\/alltrybe.com\\\/es\\\/\"},{\"@type\":\"ListItem\",\"position\":2,\"name\":\"Pol\u00edtica de privacidad\"}]},{\"@type\":\"WebSite\",\"@id\":\"https:\\\/\\\/alltrybe.com\\\/es\\\/#website\",\"url\":\"https:\\\/\\\/alltrybe.com\\\/es\\\/\",\"name\":\"TRYBE\",\"description\":\"\",\"publisher\":{\"@id\":\"https:\\\/\\\/alltrybe.com\\\/es\\\/#organization\"},\"potentialAction\":[{\"@type\":\"SearchAction\",\"target\":{\"@type\":\"EntryPoint\",\"urlTemplate\":\"https:\\\/\\\/alltrybe.com\\\/es\\\/?s={search_term_string}\"},\"query-input\":{\"@type\":\"PropertyValueSpecification\",\"valueRequired\":true,\"valueName\":\"search_term_string\"}}],\"inLanguage\":\"es\"},{\"@type\":\"Organization\",\"@id\":\"https:\\\/\\\/alltrybe.com\\\/es\\\/#organization\",\"name\":\"TRYBE\",\"url\":\"https:\\\/\\\/alltrybe.com\\\/es\\\/\",\"logo\":{\"@type\":\"ImageObject\",\"inLanguage\":\"es\",\"@id\":\"https:\\\/\\\/alltrybe.com\\\/es\\\/#\\\/schema\\\/logo\\\/image\\\/\",\"url\":\"https:\\\/\\\/alltrybe.com\\\/wp-content\\\/uploads\\\/2025\\\/05\\\/cropped-Screenshot-2025-05-14-at-10.58.41\u202fAM.png\",\"contentUrl\":\"https:\\\/\\\/alltrybe.com\\\/wp-content\\\/uploads\\\/2025\\\/05\\\/cropped-Screenshot-2025-05-14-at-10.58.41\u202fAM.png\",\"width\":512,\"height\":512,\"caption\":\"TRYBE\"},\"image\":{\"@id\":\"https:\\\/\\\/alltrybe.com\\\/es\\\/#\\\/schema\\\/logo\\\/image\\\/\"}}]}<\/script>\n<!-- \/ Yoast SEO plugin. -->","yoast_head_json":{"title":"Pol\u00edtica de privacidad - TRYBE","robots":{"index":"index","follow":"follow","max-snippet":"max-snippet:-1","max-image-preview":"max-image-preview:large","max-video-preview":"max-video-preview:-1"},"canonical":"https:\/\/alltrybe.com\/es\/politica-de-privacidad\/","og_locale":"es_ES","og_type":"article","og_title":"Pol\u00edtica de privacidad - TRYBE","og_url":"https:\/\/alltrybe.com\/es\/politica-de-privacidad\/","og_site_name":"TRYBE","article_modified_time":"2026-02-24T03:36:00+00:00","twitter_card":"summary_large_image","twitter_misc":{"Tiempo de lectura":"26 minutos"},"schema":{"@context":"https:\/\/schema.org","@graph":[{"@type":"WebPage","@id":"https:\/\/alltrybe.com\/es\/politica-de-privacidad\/","url":"https:\/\/alltrybe.com\/es\/politica-de-privacidad\/","name":"Pol\u00edtica de privacidad - TRYBE","isPartOf":{"@id":"https:\/\/alltrybe.com\/es\/#website"},"datePublished":"2026-02-24T03:13:15+00:00","dateModified":"2026-02-24T03:36:00+00:00","breadcrumb":{"@id":"https:\/\/alltrybe.com\/es\/politica-de-privacidad\/#breadcrumb"},"inLanguage":"es","potentialAction":[{"@type":"ReadAction","target":["https:\/\/alltrybe.com\/es\/politica-de-privacidad\/"]}]},{"@type":"BreadcrumbList","@id":"https:\/\/alltrybe.com\/es\/politica-de-privacidad\/#breadcrumb","itemListElement":[{"@type":"ListItem","position":1,"name":"Home","item":"https:\/\/alltrybe.com\/es\/"},{"@type":"ListItem","position":2,"name":"Pol\u00edtica de privacidad"}]},{"@type":"WebSite","@id":"https:\/\/alltrybe.com\/es\/#website","url":"https:\/\/alltrybe.com\/es\/","name":"TRYBE","description":"","publisher":{"@id":"https:\/\/alltrybe.com\/es\/#organization"},"potentialAction":[{"@type":"SearchAction","target":{"@type":"EntryPoint","urlTemplate":"https:\/\/alltrybe.com\/es\/?s={search_term_string}"},"query-input":{"@type":"PropertyValueSpecification","valueRequired":true,"valueName":"search_term_string"}}],"inLanguage":"es"},{"@type":"Organization","@id":"https:\/\/alltrybe.com\/es\/#organization","name":"TRYBE","url":"https:\/\/alltrybe.com\/es\/","logo":{"@type":"ImageObject","inLanguage":"es","@id":"https:\/\/alltrybe.com\/es\/#\/schema\/logo\/image\/","url":"https:\/\/alltrybe.com\/wp-content\/uploads\/2025\/05\/cropped-Screenshot-2025-05-14-at-10.58.41\u202fAM.png","contentUrl":"https:\/\/alltrybe.com\/wp-content\/uploads\/2025\/05\/cropped-Screenshot-2025-05-14-at-10.58.41\u202fAM.png","width":512,"height":512,"caption":"TRYBE"},"image":{"@id":"https:\/\/alltrybe.com\/es\/#\/schema\/logo\/image\/"}}]}},"jetpack_sharing_enabled":true,"_links":{"self":[{"href":"https:\/\/alltrybe.com\/es\/wp-json\/wp\/v2\/pages\/3762","targetHints":{"allow":["GET"]}}],"collection":[{"href":"https:\/\/alltrybe.com\/es\/wp-json\/wp\/v2\/pages"}],"about":[{"href":"https:\/\/alltrybe.com\/es\/wp-json\/wp\/v2\/types\/page"}],"author":[{"embeddable":true,"href":"https:\/\/alltrybe.com\/es\/wp-json\/wp\/v2\/users\/1"}],"replies":[{"embeddable":true,"href":"https:\/\/alltrybe.com\/es\/wp-json\/wp\/v2\/comments?post=3762"}],"version-history":[{"count":7,"href":"https:\/\/alltrybe.com\/es\/wp-json\/wp\/v2\/pages\/3762\/revisions"}],"predecessor-version":[{"id":3772,"href":"https:\/\/alltrybe.com\/es\/wp-json\/wp\/v2\/pages\/3762\/revisions\/3772"}],"wp:attachment":[{"href":"https:\/\/alltrybe.com\/es\/wp-json\/wp\/v2\/media?parent=3762"}],"curies":[{"name":"wp","href":"https:\/\/api.w.org\/{rel}","templated":true}]}}