{"id":3538,"date":"2026-02-12T05:51:08","date_gmt":"2026-02-12T05:51:08","guid":{"rendered":"https:\/\/alltrybe.com\/descargo-de-responsabilidad-sobre-redes-sociales\/"},"modified":"2026-02-12T05:51:08","modified_gmt":"2026-02-12T05:51:08","slug":"descargo-de-responsabilidad-sobre-redes-sociales","status":"publish","type":"page","link":"https:\/\/alltrybe.com\/es\/descargo-de-responsabilidad-sobre-redes-sociales\/","title":{"rendered":"Descargo de responsabilidad sobre redes sociales"},"content":{"rendered":"<p class=\"p1\" style=\"background: white; margin: 0cm 0cm 15.0pt 0cm;\"><b><span style=\"font-family: 'Arial',sans-serif; color: #141617; letter-spacing: .2pt;\">DESCARGO DE RESPONSABILIDAD SOBRE REDES SOCIALES<\/span><\/b><\/p>\n<p class=\"p2\" style=\"background: white; box-sizing: border-box; font-variant-ligatures: normal; font-variant-caps: normal; orphans: 2; text-align: start; widows: 2; -webkit-text-stroke-width: 0px; text-decoration-thickness: initial; text-decoration-style: initial; text-decoration-color: initial; word-spacing: 0px; margin: 0cm 0cm 15.0pt 0cm;\"><span data-olk-copy-source=\"MessageBody\">Descargo de responsabilidad: Todo el contenido compartido por TRYBE tiene fines exclusivamente informativos y educativos. No constituye asesoramiento m\u00e9dico, diagn\u00f3stico ni tratamiento. Cada persona es \u00fanica y tambi\u00e9n lo es cada proceso de salud. Las decisiones relativas a su atenci\u00f3n deben tomarse siempre en consulta con un profesional sanitario cualificado que comprenda sus necesidades individuales. TRYBE ofrece investigaci\u00f3n, informaci\u00f3n y herramientas de bienestar para apoyar la toma de decisiones informadas, pero estos recursos no sustituyen el asesoramiento m\u00e9dico personalizado. Consulte siempre con su m\u00e9dico antes de iniciar, modificar o interrumpir cualquier tratamiento.     <\/span><\/p>\n","protected":false},"excerpt":{"rendered":"<p>DESCARGO DE RESPONSABILIDAD SOBRE REDES SOCIALES Descargo de responsabilidad: Todo  [&#8230;]<\/p>\n","protected":false},"author":1,"featured_media":0,"parent":0,"menu_order":0,"comment_status":"closed","ping_status":"closed","template":"100-width.php","meta":{"footnotes":""},"class_list":["post-3538","page","type-page","status-publish","hentry"],"yoast_head":"<!-- This site is optimized with the Yoast SEO plugin v27.4 - https:\/\/yoast.com\/product\/yoast-seo-wordpress\/ -->\n<title>Descargo de responsabilidad sobre redes sociales - TRYBE<\/title>\n<meta name=\"description\" content=\"Todo el contenido compartido por TRYBE tiene fines exclusivamente informativos y educativos. No constituye asesoramiento m\u00e9dico, diagn\u00f3stico ni tratamiento.\" \/>\n<meta name=\"robots\" content=\"index, follow, max-snippet:-1, max-image-preview:large, max-video-preview:-1\" \/>\n<link rel=\"canonical\" href=\"https:\/\/alltrybe.com\/es\/descargo-de-responsabilidad-sobre-redes-sociales\/\" \/>\n<meta property=\"og:locale\" content=\"es_ES\" \/>\n<meta property=\"og:type\" content=\"article\" \/>\n<meta property=\"og:title\" content=\"Descargo de responsabilidad sobre redes sociales - TRYBE\" \/>\n<meta property=\"og:description\" content=\"Todo el contenido compartido por TRYBE tiene fines exclusivamente informativos y educativos. No constituye asesoramiento m\u00e9dico, diagn\u00f3stico ni tratamiento.\" \/>\n<meta property=\"og:url\" content=\"https:\/\/alltrybe.com\/es\/descargo-de-responsabilidad-sobre-redes-sociales\/\" \/>\n<meta property=\"og:site_name\" content=\"TRYBE\" \/>\n<meta name=\"twitter:card\" content=\"summary_large_image\" \/>\n<meta name=\"twitter:label1\" content=\"Tiempo de lectura\" \/>\n\t<meta name=\"twitter:data1\" content=\"1 minuto\" \/>\n<script type=\"application\/ld+json\" class=\"yoast-schema-graph\">{\"@context\":\"https:\\\/\\\/schema.org\",\"@graph\":[{\"@type\":\"WebPage\",\"@id\":\"https:\\\/\\\/alltrybe.com\\\/es\\\/descargo-de-responsabilidad-sobre-redes-sociales\\\/\",\"url\":\"https:\\\/\\\/alltrybe.com\\\/es\\\/descargo-de-responsabilidad-sobre-redes-sociales\\\/\",\"name\":\"Descargo de responsabilidad sobre redes sociales - TRYBE\",\"isPartOf\":{\"@id\":\"https:\\\/\\\/alltrybe.com\\\/es\\\/#website\"},\"datePublished\":\"2026-02-12T05:51:08+00:00\",\"description\":\"Todo el contenido compartido por TRYBE tiene fines exclusivamente informativos y educativos. No constituye asesoramiento m\u00e9dico, diagn\u00f3stico ni tratamiento.\",\"breadcrumb\":{\"@id\":\"https:\\\/\\\/alltrybe.com\\\/es\\\/descargo-de-responsabilidad-sobre-redes-sociales\\\/#breadcrumb\"},\"inLanguage\":\"es\",\"potentialAction\":[{\"@type\":\"ReadAction\",\"target\":[\"https:\\\/\\\/alltrybe.com\\\/es\\\/descargo-de-responsabilidad-sobre-redes-sociales\\\/\"]}]},{\"@type\":\"BreadcrumbList\",\"@id\":\"https:\\\/\\\/alltrybe.com\\\/es\\\/descargo-de-responsabilidad-sobre-redes-sociales\\\/#breadcrumb\",\"itemListElement\":[{\"@type\":\"ListItem\",\"position\":1,\"name\":\"Home\",\"item\":\"https:\\\/\\\/alltrybe.com\\\/es\\\/\"},{\"@type\":\"ListItem\",\"position\":2,\"name\":\"Descargo de responsabilidad sobre redes sociales\"}]},{\"@type\":\"WebSite\",\"@id\":\"https:\\\/\\\/alltrybe.com\\\/es\\\/#website\",\"url\":\"https:\\\/\\\/alltrybe.com\\\/es\\\/\",\"name\":\"TRYBE\",\"description\":\"\",\"publisher\":{\"@id\":\"https:\\\/\\\/alltrybe.com\\\/es\\\/#organization\"},\"potentialAction\":[{\"@type\":\"SearchAction\",\"target\":{\"@type\":\"EntryPoint\",\"urlTemplate\":\"https:\\\/\\\/alltrybe.com\\\/es\\\/?s={search_term_string}\"},\"query-input\":{\"@type\":\"PropertyValueSpecification\",\"valueRequired\":true,\"valueName\":\"search_term_string\"}}],\"inLanguage\":\"es\"},{\"@type\":\"Organization\",\"@id\":\"https:\\\/\\\/alltrybe.com\\\/es\\\/#organization\",\"name\":\"TRYBE\",\"url\":\"https:\\\/\\\/alltrybe.com\\\/es\\\/\",\"logo\":{\"@type\":\"ImageObject\",\"inLanguage\":\"es\",\"@id\":\"https:\\\/\\\/alltrybe.com\\\/es\\\/#\\\/schema\\\/logo\\\/image\\\/\",\"url\":\"https:\\\/\\\/alltrybe.com\\\/wp-content\\\/uploads\\\/2025\\\/05\\\/cropped-Screenshot-2025-05-14-at-10.58.41\u202fAM.png\",\"contentUrl\":\"https:\\\/\\\/alltrybe.com\\\/wp-content\\\/uploads\\\/2025\\\/05\\\/cropped-Screenshot-2025-05-14-at-10.58.41\u202fAM.png\",\"width\":512,\"height\":512,\"caption\":\"TRYBE\"},\"image\":{\"@id\":\"https:\\\/\\\/alltrybe.com\\\/es\\\/#\\\/schema\\\/logo\\\/image\\\/\"}}]}<\/script>\n<!-- \/ Yoast SEO plugin. -->","yoast_head_json":{"title":"Descargo de responsabilidad sobre redes sociales - TRYBE","description":"Todo el contenido compartido por TRYBE tiene fines exclusivamente informativos y educativos. No constituye asesoramiento m\u00e9dico, diagn\u00f3stico ni tratamiento.","robots":{"index":"index","follow":"follow","max-snippet":"max-snippet:-1","max-image-preview":"max-image-preview:large","max-video-preview":"max-video-preview:-1"},"canonical":"https:\/\/alltrybe.com\/es\/descargo-de-responsabilidad-sobre-redes-sociales\/","og_locale":"es_ES","og_type":"article","og_title":"Descargo de responsabilidad sobre redes sociales - TRYBE","og_description":"Todo el contenido compartido por TRYBE tiene fines exclusivamente informativos y educativos. No constituye asesoramiento m\u00e9dico, diagn\u00f3stico ni tratamiento.","og_url":"https:\/\/alltrybe.com\/es\/descargo-de-responsabilidad-sobre-redes-sociales\/","og_site_name":"TRYBE","twitter_card":"summary_large_image","twitter_misc":{"Tiempo de lectura":"1 minuto"},"schema":{"@context":"https:\/\/schema.org","@graph":[{"@type":"WebPage","@id":"https:\/\/alltrybe.com\/es\/descargo-de-responsabilidad-sobre-redes-sociales\/","url":"https:\/\/alltrybe.com\/es\/descargo-de-responsabilidad-sobre-redes-sociales\/","name":"Descargo de responsabilidad sobre redes sociales - TRYBE","isPartOf":{"@id":"https:\/\/alltrybe.com\/es\/#website"},"datePublished":"2026-02-12T05:51:08+00:00","description":"Todo el contenido compartido por TRYBE tiene fines exclusivamente informativos y educativos. No constituye asesoramiento m\u00e9dico, diagn\u00f3stico ni tratamiento.","breadcrumb":{"@id":"https:\/\/alltrybe.com\/es\/descargo-de-responsabilidad-sobre-redes-sociales\/#breadcrumb"},"inLanguage":"es","potentialAction":[{"@type":"ReadAction","target":["https:\/\/alltrybe.com\/es\/descargo-de-responsabilidad-sobre-redes-sociales\/"]}]},{"@type":"BreadcrumbList","@id":"https:\/\/alltrybe.com\/es\/descargo-de-responsabilidad-sobre-redes-sociales\/#breadcrumb","itemListElement":[{"@type":"ListItem","position":1,"name":"Home","item":"https:\/\/alltrybe.com\/es\/"},{"@type":"ListItem","position":2,"name":"Descargo de responsabilidad sobre redes sociales"}]},{"@type":"WebSite","@id":"https:\/\/alltrybe.com\/es\/#website","url":"https:\/\/alltrybe.com\/es\/","name":"TRYBE","description":"","publisher":{"@id":"https:\/\/alltrybe.com\/es\/#organization"},"potentialAction":[{"@type":"SearchAction","target":{"@type":"EntryPoint","urlTemplate":"https:\/\/alltrybe.com\/es\/?s={search_term_string}"},"query-input":{"@type":"PropertyValueSpecification","valueRequired":true,"valueName":"search_term_string"}}],"inLanguage":"es"},{"@type":"Organization","@id":"https:\/\/alltrybe.com\/es\/#organization","name":"TRYBE","url":"https:\/\/alltrybe.com\/es\/","logo":{"@type":"ImageObject","inLanguage":"es","@id":"https:\/\/alltrybe.com\/es\/#\/schema\/logo\/image\/","url":"https:\/\/alltrybe.com\/wp-content\/uploads\/2025\/05\/cropped-Screenshot-2025-05-14-at-10.58.41\u202fAM.png","contentUrl":"https:\/\/alltrybe.com\/wp-content\/uploads\/2025\/05\/cropped-Screenshot-2025-05-14-at-10.58.41\u202fAM.png","width":512,"height":512,"caption":"TRYBE"},"image":{"@id":"https:\/\/alltrybe.com\/es\/#\/schema\/logo\/image\/"}}]}},"jetpack_sharing_enabled":true,"_links":{"self":[{"href":"https:\/\/alltrybe.com\/es\/wp-json\/wp\/v2\/pages\/3538","targetHints":{"allow":["GET"]}}],"collection":[{"href":"https:\/\/alltrybe.com\/es\/wp-json\/wp\/v2\/pages"}],"about":[{"href":"https:\/\/alltrybe.com\/es\/wp-json\/wp\/v2\/types\/page"}],"author":[{"embeddable":true,"href":"https:\/\/alltrybe.com\/es\/wp-json\/wp\/v2\/users\/1"}],"replies":[{"embeddable":true,"href":"https:\/\/alltrybe.com\/es\/wp-json\/wp\/v2\/comments?post=3538"}],"version-history":[{"count":0,"href":"https:\/\/alltrybe.com\/es\/wp-json\/wp\/v2\/pages\/3538\/revisions"}],"wp:attachment":[{"href":"https:\/\/alltrybe.com\/es\/wp-json\/wp\/v2\/media?parent=3538"}],"curies":[{"name":"wp","href":"https:\/\/api.w.org\/{rel}","templated":true}]}}